{"id":6,"date":"2011-02-11T17:10:34","date_gmt":"2011-02-11T17:10:34","guid":{"rendered":"http:\/\/www.gentz-it.de\/?page_id=6"},"modified":"2022-02-20T14:38:39","modified_gmt":"2022-02-20T13:38:39","slug":"profil","status":"publish","type":"page","link":"https:\/\/www.gentz-it.de\/?page_id=6","title":{"rendered":"Profil"},"content":{"rendered":"<p>Wir unterst\u00fctzen Ihre anspruchsvollen Softwareprojekte<\/p>\n<ul>\n<li>bei der Einhaltung eines definierten Entwicklungsprozesses (V-Modell als auch agile Modelle wie Extreme Programming oder Scrum)<\/li>\n<li>im Anforderungsmanagement<\/li>\n<li>beim Erstellen von Lasten- und Pflichtenheften<\/li>\n<li>bei Design und Codierung<\/li>\n<li>in der Qualit\u00e4tssicherung (ISTQB Certified Tester)<\/li>\n<li>und nicht zuletzt bei der Dokumentation.<\/li>\n<\/ul>\n<p>\u00dcber spezielle Erfahrungen verf\u00fcgen wir dabei in den Bereichen<\/p>\n<ul>\n<li>Netzwerkprotokolle (TCP\/IP, MVB, WTB)<\/li>\n<li>Embedded Programmierung (unter Linux, VxWorks und OS9) sowie<\/li>\n<li style=\"text-align: left;\">im Bahnbereich (TCMS, Fahrgastinformationssysteme, Zugsicherungssysteme).<\/li>\n<\/ul>\n","protected":false},"excerpt":{"rendered":"<p>Wir unterst\u00fctzen Ihre anspruchsvollen Softwareprojekte bei der Einhaltung eines definierten Entwicklungsprozesses (V-Modell als auch agile Modelle wie Extreme Programming oder Scrum) im Anforderungsmanagement beim Erstellen von Lasten- und Pflichtenheften bei Design und Codierung in der Qualit\u00e4tssicherung (ISTQB Certified Tester) und nicht zuletzt bei der Dokumentation. \u00dcber spezielle Erfahrungen verf\u00fcgen wir dabei in den Bereichen Netzwerkprotokolle [&hellip;]<\/p>\n","protected":false},"author":1,"featured_media":0,"parent":0,"menu_order":20,"comment_status":"closed","ping_status":"open","template":"","meta":{"footnotes":""},"class_list":["post-6","page","type-page","status-publish","hentry"],"_links":{"self":[{"href":"https:\/\/www.gentz-it.de\/index.php?rest_route=\/wp\/v2\/pages\/6","targetHints":{"allow":["GET"]}}],"collection":[{"href":"https:\/\/www.gentz-it.de\/index.php?rest_route=\/wp\/v2\/pages"}],"about":[{"href":"https:\/\/www.gentz-it.de\/index.php?rest_route=\/wp\/v2\/types\/page"}],"author":[{"embeddable":true,"href":"https:\/\/www.gentz-it.de\/index.php?rest_route=\/wp\/v2\/users\/1"}],"replies":[{"embeddable":true,"href":"https:\/\/www.gentz-it.de\/index.php?rest_route=%2Fwp%2Fv2%2Fcomments&post=6"}],"version-history":[{"count":5,"href":"https:\/\/www.gentz-it.de\/index.php?rest_route=\/wp\/v2\/pages\/6\/revisions"}],"predecessor-version":[{"id":46,"href":"https:\/\/www.gentz-it.de\/index.php?rest_route=\/wp\/v2\/pages\/6\/revisions\/46"}],"wp:attachment":[{"href":"https:\/\/www.gentz-it.de\/index.php?rest_route=%2Fwp%2Fv2%2Fmedia&parent=6"}],"curies":[{"name":"wp","href":"https:\/\/api.w.org\/{rel}","templated":true}]}}