{"id":4,"date":"2011-02-11T17:10:04","date_gmt":"2011-02-11T17:10:04","guid":{"rendered":"http:\/\/www.gentz-it.de\/?page_id=4"},"modified":"2023-06-21T17:33:27","modified_gmt":"2023-06-21T15:33:27","slug":"willkommen","status":"publish","type":"page","link":"https:\/\/www.gentz-it.de\/","title":{"rendered":"Willkommen"},"content":{"rendered":"<p>Wir freuen uns, dass Sie unsere Firmen-Website besuchen! Hier finden Sie alle wichtigen Informationen \u00fcber unser Unternehmen.<\/p>\n<p>Die Firma <strong>gentz it-consulting<\/strong> wurde im Jahr 2007 gegr\u00fcndet. Obwohl die Firma noch jung ist, blicken wir doch schon auf \u00fcber 35 Jahre Erfahrung in der IT-Branche zur\u00fcck.<\/p>\n<p>Unsere Kernkompetenzen liegen in der Softwareentwicklung, speziell im <strong>Bahnbereich<\/strong>. Hier unterst\u00fctzen und beraten wir unsere Kunden in allen Phasen des Entwicklungsprozesses. Wir \u00fcbernehmen dabei die Komplett-Realisierung von neuen als auch die Weiterentwicklung von bereits in der Entwicklung oder in der Wartungsphase befindlichen Projekten.<\/p>\n","protected":false},"excerpt":{"rendered":"<p>Wir freuen uns, dass Sie unsere Firmen-Website besuchen! Hier finden Sie alle wichtigen Informationen \u00fcber unser Unternehmen. Die Firma gentz it-consulting wurde im Jahr 2007 gegr\u00fcndet. Obwohl die Firma noch jung ist, blicken wir doch schon auf \u00fcber 35 Jahre Erfahrung in der IT-Branche zur\u00fcck. Unsere Kernkompetenzen liegen in der Softwareentwicklung, speziell im Bahnbereich. Hier [&hellip;]<\/p>\n","protected":false},"author":1,"featured_media":0,"parent":0,"menu_order":10,"comment_status":"closed","ping_status":"open","template":"","meta":{"footnotes":""},"class_list":["post-4","page","type-page","status-publish","hentry"],"_links":{"self":[{"href":"https:\/\/www.gentz-it.de\/index.php?rest_route=\/wp\/v2\/pages\/4","targetHints":{"allow":["GET"]}}],"collection":[{"href":"https:\/\/www.gentz-it.de\/index.php?rest_route=\/wp\/v2\/pages"}],"about":[{"href":"https:\/\/www.gentz-it.de\/index.php?rest_route=\/wp\/v2\/types\/page"}],"author":[{"embeddable":true,"href":"https:\/\/www.gentz-it.de\/index.php?rest_route=\/wp\/v2\/users\/1"}],"replies":[{"embeddable":true,"href":"https:\/\/www.gentz-it.de\/index.php?rest_route=%2Fwp%2Fv2%2Fcomments&post=4"}],"version-history":[{"count":6,"href":"https:\/\/www.gentz-it.de\/index.php?rest_route=\/wp\/v2\/pages\/4\/revisions"}],"predecessor-version":[{"id":47,"href":"https:\/\/www.gentz-it.de\/index.php?rest_route=\/wp\/v2\/pages\/4\/revisions\/47"}],"wp:attachment":[{"href":"https:\/\/www.gentz-it.de\/index.php?rest_route=%2Fwp%2Fv2%2Fmedia&parent=4"}],"curies":[{"name":"wp","href":"https:\/\/api.w.org\/{rel}","templated":true}]}}