{"id":10,"date":"2011-02-11T17:11:21","date_gmt":"2011-02-11T17:11:21","guid":{"rendered":"http:\/\/www.gentz-it.de\/?page_id=10"},"modified":"2022-02-20T14:31:40","modified_gmt":"2022-02-20T13:31:40","slug":"impressum","status":"publish","type":"page","link":"https:\/\/www.gentz-it.de\/?page_id=10","title":{"rendered":"Impressum"},"content":{"rendered":"<p>Dipl.-Inf. Robert Gentz<br \/>\nAm Hohen Feld 116<br \/>\n13125 Berlin<\/p>\n<p><strong>Tel<\/strong>.:\u00a0 \u00a0 \u00a0 \u00a0+49 176 10141790<br \/>\n<strong>E-Mail<\/strong>:\u00a0\u00a0 info@gentz-it.de<\/p>\n<p><strong>USt-IdNr<\/strong>: DE 230 032 563<\/p>\n<p><strong>Haftungshinweis:<\/strong><\/p>\n<p>Trotz sorgf\u00e4ltiger inhaltlicher Kontrolle \u00fcbernehmen wir keine Haftung f\u00fcr die Inhalte externer Links. F\u00fcr den Inhalt der verlinkten Seiten sind ausschlie\u00dflich deren Betreiber verantwortlich.<\/p>\n<p><strong>gentz it-consulting \u00fcbernimmt<\/strong> keine Garantie f\u00fcr die Richtigkeit der hier angebotenen Informationen. Irrt\u00fcmer und \u00c4nderungen bleiben vorbehalten. F\u00fcr die Weiterverwendung dieser Informationen in diesem oder in anderen Medien ist eine schriftliche Einverst\u00e4ndniserkl\u00e4rung von <strong>gentz it-consulting<\/strong> n\u00f6tig.<\/p>\n","protected":false},"excerpt":{"rendered":"<p>Dipl.-Inf. Robert Gentz Am Hohen Feld 116 13125 Berlin Tel.:\u00a0 \u00a0 \u00a0 \u00a0+49 176 10141790 E-Mail:\u00a0\u00a0 info@gentz-it.de USt-IdNr: DE 230 032 563 Haftungshinweis: Trotz sorgf\u00e4ltiger inhaltlicher Kontrolle \u00fcbernehmen wir keine Haftung f\u00fcr die Inhalte externer Links. F\u00fcr den Inhalt der verlinkten Seiten sind ausschlie\u00dflich deren Betreiber verantwortlich. gentz it-consulting \u00fcbernimmt keine Garantie f\u00fcr die Richtigkeit [&hellip;]<\/p>\n","protected":false},"author":1,"featured_media":0,"parent":0,"menu_order":40,"comment_status":"closed","ping_status":"open","template":"","meta":{"footnotes":""},"class_list":["post-10","page","type-page","status-publish","hentry"],"_links":{"self":[{"href":"https:\/\/www.gentz-it.de\/index.php?rest_route=\/wp\/v2\/pages\/10","targetHints":{"allow":["GET"]}}],"collection":[{"href":"https:\/\/www.gentz-it.de\/index.php?rest_route=\/wp\/v2\/pages"}],"about":[{"href":"https:\/\/www.gentz-it.de\/index.php?rest_route=\/wp\/v2\/types\/page"}],"author":[{"embeddable":true,"href":"https:\/\/www.gentz-it.de\/index.php?rest_route=\/wp\/v2\/users\/1"}],"replies":[{"embeddable":true,"href":"https:\/\/www.gentz-it.de\/index.php?rest_route=%2Fwp%2Fv2%2Fcomments&post=10"}],"version-history":[{"count":8,"href":"https:\/\/www.gentz-it.de\/index.php?rest_route=\/wp\/v2\/pages\/10\/revisions"}],"predecessor-version":[{"id":39,"href":"https:\/\/www.gentz-it.de\/index.php?rest_route=\/wp\/v2\/pages\/10\/revisions\/39"}],"wp:attachment":[{"href":"https:\/\/www.gentz-it.de\/index.php?rest_route=%2Fwp%2Fv2%2Fmedia&parent=10"}],"curies":[{"name":"wp","href":"https:\/\/api.w.org\/{rel}","templated":true}]}}